{"id":46,"date":"2026-01-10T11:03:54","date_gmt":"2026-01-10T11:03:54","guid":{"rendered":"http:\/\/blancheinacio.ch\/?page_id=46"},"modified":"2026-01-28T20:36:00","modified_gmt":"2026-01-28T20:36:00","slug":"enseignement","status":"publish","type":"page","link":"https:\/\/blancheinacio.ch\/index.php\/enseignement\/","title":{"rendered":"Enseignement"},"content":{"rendered":"\t\t<div data-elementor-type=\"wp-page\" data-elementor-id=\"46\" class=\"elementor elementor-46\">\n\t\t\t\t<div class=\"aux-parallax-section elementor-element elementor-element-46f5cbf e-con-full e-flex wpr-particle-no wpr-jarallax-no wpr-parallax-no wpr-sticky-section-no e-con e-parent\" data-id=\"46f5cbf\" data-element_type=\"container\" data-settings=\"{&quot;background_background&quot;:&quot;classic&quot;}\">\n\t\t<div class=\"elementor-element elementor-element-35861b4 e-con-full e-flex wpr-particle-no wpr-jarallax-no wpr-parallax-no wpr-sticky-section-no e-con e-child\" data-id=\"35861b4\" data-element_type=\"container\">\n\t\t\t\t<\/div>\n\t\t<div class=\"elementor-element elementor-element-4776258 e-con-full e-flex wpr-particle-no wpr-jarallax-no wpr-parallax-no wpr-sticky-section-no e-con e-child\" data-id=\"4776258\" data-element_type=\"container\">\n\t\t<div class=\"elementor-element elementor-element-0f48d55 e-con-full e-flex wpr-particle-no wpr-jarallax-no wpr-parallax-no wpr-sticky-section-no e-con e-child\" data-id=\"0f48d55\" data-element_type=\"container\" data-settings=\"{&quot;background_background&quot;:&quot;classic&quot;}\">\n\t\t\t\t<div class=\"elementor-element elementor-element-7f7f09d elementor-invisible elementor-widget elementor-widget-aux_modern_heading\" data-id=\"7f7f09d\" data-element_type=\"widget\" data-settings=\"{&quot;_animation&quot;:&quot;fadeInRight&quot;}\" data-widget_type=\"aux_modern_heading.default\">\n\t\t\t\t<div class=\"elementor-widget-container\">\n\t\t\t\t\t<section class=\"aux-widget-modern-heading\">\n            <div class=\"aux-widget-inner\"><h2 class=\"aux-modern-heading-primary\">Ma\u00eetrisez l'\u00e9l\u00e9gance de la contrebasse<\/h2><h3 class=\"aux-modern-heading-secondary\"><span class=\"aux-head-before\">Enseignement<\/span><\/h3><div class=\"aux-modern-heading-divider\"><\/div><div class=\"aux-modern-heading-description\"><p>D\u00e9couvrez la profondeur de cet instrument majestueux \u00e0 travers un enseignement personnalis\u00e9. Que vous soyez d\u00e9butant ou que vous souhaitiez perfectionner votre technique, mes cours s'adaptent \u00e0 votre rythme pour explorer la richesse du r\u00e9pertoire classique.<\/p><\/div><\/div>\n        <\/section>\t\t\t\t<\/div>\n\t\t\t\t<\/div>\n\t\t\t\t<div class=\"elementor-element elementor-element-bc3993a elementor-widget elementor-widget-spacer\" data-id=\"bc3993a\" data-element_type=\"widget\" data-widget_type=\"spacer.default\">\n\t\t\t\t<div class=\"elementor-widget-container\">\n\t\t\t\t\t\t\t<div class=\"elementor-spacer\">\n\t\t\t<div class=\"elementor-spacer-inner\"><\/div>\n\t\t<\/div>\n\t\t\t\t\t\t<\/div>\n\t\t\t\t<\/div>\n\t\t\t\t<div class=\"elementor-element elementor-element-d550724 elementor-invisible elementor-widget elementor-widget-aux_button\" data-id=\"d550724\" data-element_type=\"widget\" data-settings=\"{&quot;_animation&quot;:&quot;fadeInRight&quot;}\" data-widget_type=\"aux_button.default\">\n\t\t\t\t<div class=\"elementor-widget-container\">\n\t\t\t\t\t<a  href=\"http:\/\/blancheinacio.ch\/index.php\/contact\/\" target=\"_self\"   class=\"aux-button aux-medium aux-dark-gray aux-round aux-none aux-uppercase\" ><span class=\"aux-overlay\"><\/span><span class=\"aux-text\">Me contacter pour un cours<\/span><\/a>\t\t\t\t<\/div>\n\t\t\t\t<\/div>\n\t\t\t\t<\/div>\n\t\t\t\t<\/div>\n\t\t\t\t<\/div>\n\t\t\t\t<\/div>\n\t\t","protected":false},"excerpt":{"rendered":"<p>Ma\u00eetrisez l&#8217;\u00e9l\u00e9gance de la contrebasse Enseignement D\u00e9couvrez la profondeur de cet instrument majestueux \u00e0 travers un enseignement personnalis\u00e9. Que vous soyez d\u00e9butant ou que vous souhaitiez perfectionner votre technique, mes cours s&#8217;adaptent \u00e0 votre rythme pour explorer la richesse du r\u00e9pertoire classique. Me contacter pour un cours<\/p>\n","protected":false},"author":1,"featured_media":0,"parent":0,"menu_order":0,"comment_status":"closed","ping_status":"closed","template":"","meta":{"footnotes":""},"class_list":["post-46","page","type-page","status-publish","hentry"],"_links":{"self":[{"href":"https:\/\/blancheinacio.ch\/index.php\/wp-json\/wp\/v2\/pages\/46","targetHints":{"allow":["GET"]}}],"collection":[{"href":"https:\/\/blancheinacio.ch\/index.php\/wp-json\/wp\/v2\/pages"}],"about":[{"href":"https:\/\/blancheinacio.ch\/index.php\/wp-json\/wp\/v2\/types\/page"}],"author":[{"embeddable":true,"href":"https:\/\/blancheinacio.ch\/index.php\/wp-json\/wp\/v2\/users\/1"}],"replies":[{"embeddable":true,"href":"https:\/\/blancheinacio.ch\/index.php\/wp-json\/wp\/v2\/comments?post=46"}],"version-history":[{"count":55,"href":"https:\/\/blancheinacio.ch\/index.php\/wp-json\/wp\/v2\/pages\/46\/revisions"}],"predecessor-version":[{"id":537,"href":"https:\/\/blancheinacio.ch\/index.php\/wp-json\/wp\/v2\/pages\/46\/revisions\/537"}],"wp:attachment":[{"href":"https:\/\/blancheinacio.ch\/index.php\/wp-json\/wp\/v2\/media?parent=46"}],"curies":[{"name":"wp","href":"https:\/\/api.w.org\/{rel}","templated":true}]}}