{"id":97,"date":"2019-10-28T16:00:47","date_gmt":"2019-10-28T16:00:47","guid":{"rendered":"http:\/\/blancheinacio.ch\/index.php\/contact-us\/"},"modified":"2026-01-28T20:38:48","modified_gmt":"2026-01-28T20:38:48","slug":"contact-us","status":"publish","type":"page","link":"https:\/\/blancheinacio.ch\/index.php\/contact-us\/","title":{"rendered":"A propos"},"content":{"rendered":"\t\t<div data-elementor-type=\"wp-page\" data-elementor-id=\"97\" class=\"elementor elementor-97\">\n\t\t\t\t<div class=\"aux-parallax-section elementor-element elementor-element-956e002 e-flex e-con-boxed wpr-particle-no wpr-jarallax-no wpr-parallax-no wpr-sticky-section-no e-con e-parent\" data-id=\"956e002\" data-element_type=\"container\" data-settings=\"{&quot;background_background&quot;:&quot;classic&quot;}\">\n\t\t\t\t\t<div class=\"e-con-inner\">\n\t\t<div class=\"elementor-element elementor-element-9557c4e e-con-full e-flex wpr-particle-no wpr-jarallax-no wpr-parallax-no wpr-sticky-section-no e-con e-child\" data-id=\"9557c4e\" data-element_type=\"container\">\n\t\t\t\t<\/div>\n\t\t<div class=\"elementor-element elementor-element-55c997b e-con-full e-flex wpr-particle-no wpr-jarallax-no wpr-parallax-no wpr-sticky-section-no e-con e-child\" data-id=\"55c997b\" data-element_type=\"container\">\n\t\t\t\t<div class=\"elementor-element elementor-element-ac8fc78 elementor-invisible elementor-widget elementor-widget-aux_modern_heading\" data-id=\"ac8fc78\" data-element_type=\"widget\" data-settings=\"{&quot;_animation&quot;:&quot;fadeInRight&quot;}\" data-widget_type=\"aux_modern_heading.default\">\n\t\t\t\t<div class=\"elementor-widget-container\">\n\t\t\t\t\t<section class=\"aux-widget-modern-heading\">\n            <div class=\"aux-widget-inner\"><h2 class=\"aux-modern-heading-primary\">Blanche Inacio<\/h2><h3 class=\"aux-modern-heading-secondary\"><span class=\"aux-head-before\">Biographie<\/span><\/h3><div class=\"aux-modern-heading-divider\"><\/div><div class=\"aux-modern-heading-description\"><p>Bas\u00e9e en Suisse, j\u2019\u00e9volue en tant que contrebassiste au sein de divers orchestres et ensembles de musique de chambre. Je partage mon temps entre les grandes formations symphoniques et des projets plus personnels, explorant des r\u00e9pertoires allant du classique au jazz. Curieuse de d\u00e9couvrir de nouveaux horizons musicaux, je vous invite \u00e0 parcourir ici les \u00e9tapes qui ont fa\u00e7onn\u00e9 ma pratique et mes projets actuels.<\/p><\/div><\/div>\n        <\/section>\t\t\t\t<\/div>\n\t\t\t\t<\/div>\n\t\t\t\t<div class=\"elementor-element elementor-element-ba92f49 elementor-widget elementor-widget-spacer\" data-id=\"ba92f49\" data-element_type=\"widget\" data-widget_type=\"spacer.default\">\n\t\t\t\t<div class=\"elementor-widget-container\">\n\t\t\t\t\t\t\t<div class=\"elementor-spacer\">\n\t\t\t<div class=\"elementor-spacer-inner\"><\/div>\n\t\t<\/div>\n\t\t\t\t\t\t<\/div>\n\t\t\t\t<\/div>\n\t\t\t\t<div class=\"elementor-element elementor-element-e1ebaf6 elementor-invisible elementor-widget elementor-widget-aux_button\" data-id=\"e1ebaf6\" data-element_type=\"widget\" data-settings=\"{&quot;_animation&quot;:&quot;fadeInRight&quot;}\" data-widget_type=\"aux_button.default\">\n\t\t\t\t<div class=\"elementor-widget-container\">\n\t\t\t\t\t<a  href=\"http:\/\/blancheinacio.ch\/wp-content\/uploads\/2026\/01\/CV-Blanche-INACIO.pdf\" target=\"_self\"   class=\"aux-button aux-medium aux-carmine-pink aux-round aux-none aux-uppercase\" ><span class=\"aux-overlay\"><\/span><span class=\"aux-text\">T\u00e9l\u00e9charger mon CV<\/span><\/a>\t\t\t\t<\/div>\n\t\t\t\t<\/div>\n\t\t\t\t<\/div>\n\t\t\t\t\t<\/div>\n\t\t\t\t<\/div>\n\t\t<div class=\"aux-parallax-section elementor-element elementor-element-1ecad91 e-flex e-con-boxed wpr-particle-no wpr-jarallax-no wpr-parallax-no wpr-sticky-section-no e-con e-parent\" data-id=\"1ecad91\" data-element_type=\"container\">\n\t\t\t\t\t<div class=\"e-con-inner\">\n\t\t\t\t<div class=\"elementor-element elementor-element-3c10514 elementor-widget elementor-widget-spacer\" data-id=\"3c10514\" data-element_type=\"widget\" data-widget_type=\"spacer.default\">\n\t\t\t\t<div class=\"elementor-widget-container\">\n\t\t\t\t\t\t\t<div class=\"elementor-spacer\">\n\t\t\t<div class=\"elementor-spacer-inner\"><\/div>\n\t\t<\/div>\n\t\t\t\t\t\t<\/div>\n\t\t\t\t<\/div>\n\t\t\t\t<div class=\"elementor-element elementor-element-13c8241 elementor-invisible elementor-widget elementor-widget-heading\" data-id=\"13c8241\" data-element_type=\"widget\" data-settings=\"{&quot;_animation&quot;:&quot;fadeInUp&quot;}\" data-widget_type=\"heading.default\">\n\t\t\t\t<div class=\"elementor-widget-container\">\n\t\t\t\t\t<h2 class=\"elementor-heading-title elementor-size-default\">Mon histoire<\/h2>\t\t\t\t<\/div>\n\t\t\t\t<\/div>\n\t\t\t\t<div class=\"elementor-element elementor-element-227898d elementor-widget elementor-widget-spacer\" data-id=\"227898d\" data-element_type=\"widget\" data-widget_type=\"spacer.default\">\n\t\t\t\t<div class=\"elementor-widget-container\">\n\t\t\t\t\t\t\t<div class=\"elementor-spacer\">\n\t\t\t<div class=\"elementor-spacer-inner\"><\/div>\n\t\t<\/div>\n\t\t\t\t\t\t<\/div>\n\t\t\t\t<\/div>\n\t\t\t\t<div class=\"elementor-element elementor-element-8deb46b wpr-list-style-none elementor-invisible elementor-widget elementor-widget-wpr-posts-timeline\" data-id=\"8deb46b\" data-element_type=\"widget\" data-settings=\"{&quot;_animation&quot;:&quot;fadeInUp&quot;,&quot;animation_offset&quot;:150,&quot;aos_animation_duration&quot;:600}\" data-widget_type=\"wpr-posts-timeline.default\">\n\t\t\t\t<div class=\"elementor-widget-container\">\n\t\t\t\t\t\n\t\t<div class=\"wpr-wrapper wpr-vertical wpr-centered\">\n\t\t\t<div class=\"wpr-timeline-centered wpr-line wpr-both-sided-timeline\"><div class=\"wpr-middle-line\"><\/div><div class=\"wpr-timeline-fill\" data-layout=\"centered\"><\/div><article class=\"wpr-timeline-entry wpr-left-aligned elementor-repeater-item-a1dceda\" data-item-id=\"elementor-repeater-item-a1dceda\"><div class=\"wpr-timeline-entry-inner\"><div class=\"wpr-main-line-icon wpr-icon\"><i aria-hidden=\"true\" class=\"auxicon auxicon-music\"><\/i><\/div><div class=\"wpr-story-info-vertical wpr-data-wrap \"  data-aos=\"fade\" data-aos-left=\"\" data-aos-right=\"\" data-animation-offset=\"150\" data-animation-duration=\"600\"><div class=\"wpr-animation-wrap wpr-timeline-media\"><img fetchpriority=\"high\" decoding=\"async\" width=\"2560\" height=\"1920\" src=\"https:\/\/blancheinacio.ch\/wp-content\/uploads\/2026\/01\/IMG_3924-scaled.jpg\" class=\"attachment-full size-full\" alt=\"\" srcset=\"https:\/\/blancheinacio.ch\/wp-content\/uploads\/2026\/01\/IMG_3924-scaled.jpg 2560w, https:\/\/blancheinacio.ch\/wp-content\/uploads\/2026\/01\/IMG_3924-1536x1152.jpg 1536w\" sizes=\"(max-width: 2560px) 100vw, 2560px\" \/><\/div><div class=\"wpr-timeline-content-wrapper\"><div class=\"wpr-content-wrapper\"><div class=\"wpr-title-wrap\"><span class=\"wpr-title\">Orchestres<\/span><\/div><div class=\"wpr-description\"><p>N\u00e9e en France et bas\u00e9e en Suisse, Blanche Inacio collabore avec de nombreux orchestres prestigieux en Europe et \u00e0 l\u2019international. Au fil de sa carri\u00e8re, elle occupe des postes de cheffe de pupitre, co-cheffe de pupitre et tuttiste au sein d\u2019ensembles tels que l\u2019Orchestre de Chambre de Fribourg et de Lausanne, le Musikkollegium Winterthur, le\u00a0Berner Symphonieorchester, et collabore r\u00e9guli\u00e8rement avec le Collegium Musicum Basel et l\u2019Ensemble Symphonique de Neuch\u00e2tel. Elle est \u00e9galement invit\u00e9e dans des festivals majeurs tels que le Festival Pablo Casals de Prades, le Montreux Jazz Festival et les Chor\u00e9gies d\u2019Orange.<\/p><\/div><\/div><\/div><\/div>\n\t\t\t\t\t\t<\/div>\n\t\t\t\t<\/article><article class=\"wpr-timeline-entry wpr-right-aligned elementor-repeater-item-6e2d4b6\" data-item-id=\"elementor-repeater-item-6e2d4b6\"><div class=\"wpr-timeline-entry-inner\"><div class=\"wpr-main-line-icon wpr-icon\"><i aria-hidden=\"true\" class=\"auxicon auxicon-musical-note-2\"><\/i><\/div><div class=\"wpr-story-info-vertical wpr-data-wrap \"  data-aos=\"fade\" data-aos-left=\"\" data-aos-right=\"\" data-animation-offset=\"150\" data-animation-duration=\"600\"><div class=\"wpr-animation-wrap wpr-timeline-media\"><img decoding=\"async\" width=\"1920\" height=\"1281\" src=\"https:\/\/blancheinacio.ch\/wp-content\/uploads\/2026\/01\/IMG_3303new.jpg\" class=\"attachment-full size-full\" alt=\"\" srcset=\"https:\/\/blancheinacio.ch\/wp-content\/uploads\/2026\/01\/IMG_3303new.jpg 1920w, https:\/\/blancheinacio.ch\/wp-content\/uploads\/2026\/01\/IMG_3303new-1536x1025.jpg 1536w, https:\/\/blancheinacio.ch\/wp-content\/uploads\/2026\/01\/IMG_3303new-200x133.jpg 200w\" sizes=\"(max-width: 1920px) 100vw, 1920px\" \/><\/div><div class=\"wpr-timeline-content-wrapper\"><div class=\"wpr-content-wrapper\"><div class=\"wpr-title-wrap\"><span class=\"wpr-title\">Musique de chambre et soliste<\/span><\/div><div class=\"wpr-description\"><p>Tr\u00e8s investie dans la musique de chambre, Blanche Inacio est membre de l\u2019Ensemble Puzzle et du Yac\u00e0ta Quintet, au sein desquels elle explore le r\u00e9pertoire de la contrebasse dans des formations intimistes. Son int\u00e9r\u00eat pour la collaboration artistique s\u2019exprime \u00e0 travers des projets vari\u00e9s, lui permettant d\u2019aborder un large \u00e9ventail de styles allant de la musique classique \u00e0 la musique contemporaine, en passant par le jazz et les musiques traditionnelles.<\/p><\/div><\/div><\/div><\/div>\n\t\t\t\t\t\t<\/div>\n\t\t\t\t<\/article><article class=\"wpr-timeline-entry wpr-left-aligned elementor-repeater-item-1934992\" data-item-id=\"elementor-repeater-item-1934992\"><div class=\"wpr-timeline-entry-inner\"><div class=\"wpr-main-line-icon wpr-icon\"><i aria-hidden=\"true\" class=\"auxicon auxicon-musical-note-1\"><\/i><\/div><div class=\"wpr-story-info-vertical wpr-data-wrap \"  data-aos=\"fade\" data-aos-left=\"\" data-aos-right=\"\" data-animation-offset=\"150\" data-animation-duration=\"600\"><div class=\"wpr-animation-wrap wpr-timeline-media\"><img decoding=\"async\" width=\"1920\" height=\"1080\" src=\"https:\/\/blancheinacio.ch\/wp-content\/uploads\/2026\/01\/1-1.jpg\" class=\"attachment-full size-full\" alt=\"\" srcset=\"https:\/\/blancheinacio.ch\/wp-content\/uploads\/2026\/01\/1-1.jpg 1920w, https:\/\/blancheinacio.ch\/wp-content\/uploads\/2026\/01\/1-1-1536x864.jpg 1536w\" sizes=\"(max-width: 1920px) 100vw, 1920px\" \/><\/div><div class=\"wpr-timeline-content-wrapper\"><div class=\"wpr-content-wrapper\"><div class=\"wpr-title-wrap\"><span class=\"wpr-title\">Concours internationaux<\/span><\/div><div class=\"wpr-description\"><p data-start=\"209\" data-end=\"812\">Blanche Inacio est laur\u00e9ate de nombreux concours internationaux, ayant notamment remport\u00e9 un Premier Prix au 4th Fanny Mendelssohn International Music Competition, ainsi qu\u2019au Gabriel Faur\u00e9 Music World Competition, et \u00e0 la 7\u00e8me \u00e9dition du String Competition Online. Elle a \u00e9galement \u00e9t\u00e9 distingu\u00e9e par un <strong data-start=\"770\" data-end=\"786\">Silver Prize<\/strong> aux Euterpe Music Awards ainsi que le Prix de Carri\u00e8re Tiziano Rossetti par l\u2019Acad\u00e9mie, r\u00e9compensant son parcours artistique et son engagement musical.<\/p><\/div><\/div><\/div><\/div>\n\t\t\t\t\t\t<\/div>\n\t\t\t\t<\/article><article class=\"wpr-timeline-entry wpr-right-aligned elementor-repeater-item-4272329\" data-item-id=\"elementor-repeater-item-4272329\"><div class=\"wpr-timeline-entry-inner\"><div class=\"wpr-main-line-icon wpr-icon\"><i aria-hidden=\"true\" class=\"auxicon auxicon-book-1\"><\/i><\/div><div class=\"wpr-story-info-vertical wpr-data-wrap \"  data-aos=\"fade\" data-aos-left=\"\" data-aos-right=\"\" data-animation-offset=\"150\" data-animation-duration=\"600\"><div class=\"wpr-animation-wrap wpr-timeline-media\"><img loading=\"lazy\" decoding=\"async\" width=\"1920\" height=\"1080\" src=\"https:\/\/blancheinacio.ch\/wp-content\/uploads\/2026\/01\/2-1.jpg\" class=\"attachment-full size-full\" alt=\"\" srcset=\"https:\/\/blancheinacio.ch\/wp-content\/uploads\/2026\/01\/2-1.jpg 1920w, https:\/\/blancheinacio.ch\/wp-content\/uploads\/2026\/01\/2-1-1536x864.jpg 1536w\" sizes=\"(max-width: 1920px) 100vw, 1920px\" \/><\/div><div class=\"wpr-timeline-content-wrapper\"><div class=\"wpr-content-wrapper\"><div class=\"wpr-title-wrap\"><span class=\"wpr-title\">Formation<\/span><\/div><div class=\"wpr-description\"><p>Elle se forme au Conservatoire d\u2019Orl\u00e9ans, puis \u00e0 la Jerusalem Academy of Music and Dance, avant d\u2019int\u00e9grer la Haute \u00c9cole de Musique de Lausanne, o\u00f9 elle obtient un Bachelor et deux Master, en Interpr\u00e9tation et Orchestre. Son parcours est enrichi par l\u2019enseignement et les masterclasses de professeurs renomm\u00e9s tels que Dorin Marc, Philipp Studenrauch et Wolfgang G\u00fcttler, qui ont profond\u00e9ment influenc\u00e9 son approche de l\u2019instrument et sa musicalit\u00e9.<\/p><\/div><\/div><\/div><\/div>\n\t\t\t\t\t\t<\/div>\n\t\t\t\t<\/article><\/div>    \n\t\t\t<\/div>\t\t\t\t<\/div>\n\t\t\t\t<\/div>\n\t\t\t\t<div class=\"elementor-element elementor-element-b7da3fc elementor-widget elementor-widget-spacer\" data-id=\"b7da3fc\" data-element_type=\"widget\" data-widget_type=\"spacer.default\">\n\t\t\t\t<div class=\"elementor-widget-container\">\n\t\t\t\t\t\t\t<div class=\"elementor-spacer\">\n\t\t\t<div class=\"elementor-spacer-inner\"><\/div>\n\t\t<\/div>\n\t\t\t\t\t\t<\/div>\n\t\t\t\t<\/div>\n\t\t\t\t\t<\/div>\n\t\t\t\t<\/div>\n\t\t\t\t<\/div>\n\t\t","protected":false},"excerpt":{"rendered":"<p>Blanche Inacio Biographie Bas\u00e9e en Suisse, j\u2019\u00e9volue en tant que contrebassiste au sein de divers orchestres et ensembles de musique de chambre. Je partage mon temps entre les grandes formations symphoniques et des projets plus personnels, explorant des r\u00e9pertoires allant du classique au jazz. Curieuse de d\u00e9couvrir de nouveaux horizons musicaux, je vous invite \u00e0 parcourir ici les \u00e9tapes qui ont fa\u00e7onn\u00e9 ma pratique et mes projets actuels. T\u00e9l\u00e9charger mon CV Mon histoire Orchestres N\u00e9e en France et bas\u00e9e en Suisse, Blanche Inacio collabore avec de nombreux orchestres prestigieux en Europe et \u00e0 l\u2019international. Au fil de sa carri\u00e8re, elle occupe des postes de cheffe de pupitre, co-cheffe de pupitre et tuttiste au sein d\u2019ensembles tels que l\u2019Orchestre de Chambre de Fribourg et de Lausanne, le Musikkollegium Winterthur, le\u00a0Berner Symphonieorchester, et collabore r\u00e9guli\u00e8rement avec le Collegium Musicum Basel et l\u2019Ensemble Symphonique de Neuch\u00e2tel. Elle est \u00e9galement invit\u00e9e dans des festivals majeurs tels que le Festival Pablo Casals de Prades, le Montreux Jazz Festival et les Chor\u00e9gies d\u2019Orange. Musique de chambre et soliste Tr\u00e8s investie dans la musique de chambre, Blanche Inacio est membre de l\u2019Ensemble Puzzle et du Yac\u00e0ta Quintet, au sein desquels elle explore le r\u00e9pertoire de la contrebasse dans des formations intimistes. Son int\u00e9r\u00eat pour la collaboration artistique s\u2019exprime \u00e0 travers des projets vari\u00e9s, lui permettant d\u2019aborder un large \u00e9ventail de styles allant de la musique classique \u00e0 la musique contemporaine, en passant par le jazz et les musiques traditionnelles. Concours internationaux Blanche Inacio est laur\u00e9ate de nombreux concours internationaux, ayant notamment remport\u00e9 un Premier Prix au 4th Fanny Mendelssohn International Music Competition, ainsi qu\u2019au Gabriel Faur\u00e9 Music World Competition, et \u00e0 la 7\u00e8me \u00e9dition du String Competition Online. Elle a \u00e9galement \u00e9t\u00e9 distingu\u00e9e par un Silver Prize aux Euterpe Music Awards ainsi que le Prix de Carri\u00e8re Tiziano Rossetti par l\u2019Acad\u00e9mie, r\u00e9compensant son parcours artistique et son engagement musical. Formation Elle se forme au Conservatoire d\u2019Orl\u00e9ans, puis \u00e0 la Jerusalem Academy of Music and Dance, avant d\u2019int\u00e9grer la Haute \u00c9cole de Musique de Lausanne, o\u00f9 elle obtient un Bachelor et deux Master, en Interpr\u00e9tation et Orchestre. Son parcours est enrichi par l\u2019enseignement et les masterclasses de professeurs renomm\u00e9s tels que Dorin Marc, Philipp Studenrauch et Wolfgang G\u00fcttler, qui ont profond\u00e9ment influenc\u00e9 son approche de l\u2019instrument et sa musicalit\u00e9.<\/p>\n","protected":false},"author":1,"featured_media":0,"parent":0,"menu_order":0,"comment_status":"closed","ping_status":"closed","template":"templates\/page-builder-content.php","meta":{"footnotes":""},"class_list":["post-97","page","type-page","status-publish","hentry"],"_links":{"self":[{"href":"https:\/\/blancheinacio.ch\/index.php\/wp-json\/wp\/v2\/pages\/97","targetHints":{"allow":["GET"]}}],"collection":[{"href":"https:\/\/blancheinacio.ch\/index.php\/wp-json\/wp\/v2\/pages"}],"about":[{"href":"https:\/\/blancheinacio.ch\/index.php\/wp-json\/wp\/v2\/types\/page"}],"author":[{"embeddable":true,"href":"https:\/\/blancheinacio.ch\/index.php\/wp-json\/wp\/v2\/users\/1"}],"replies":[{"embeddable":true,"href":"https:\/\/blancheinacio.ch\/index.php\/wp-json\/wp\/v2\/comments?post=97"}],"version-history":[{"count":54,"href":"https:\/\/blancheinacio.ch\/index.php\/wp-json\/wp\/v2\/pages\/97\/revisions"}],"predecessor-version":[{"id":542,"href":"https:\/\/blancheinacio.ch\/index.php\/wp-json\/wp\/v2\/pages\/97\/revisions\/542"}],"wp:attachment":[{"href":"https:\/\/blancheinacio.ch\/index.php\/wp-json\/wp\/v2\/media?parent=97"}],"curies":[{"name":"wp","href":"https:\/\/api.w.org\/{rel}","templated":true}]}}